{"id":28,"date":"2014-08-27T06:06:56","date_gmt":"2014-08-27T05:06:56","guid":{"rendered":"http:\/\/chezyueyin.org\/blog\/?page_id=28"},"modified":"2016-01-05T16:19:13","modified_gmt":"2016-01-05T15:19:13","slug":"mes-liens","status":"publish","type":"page","link":"http:\/\/chezyueyin.org\/blog\/mes-liens\/","title":{"rendered":"Mes liens"},"content":{"rendered":"<p>Balade de blog en blog&#8230;<\/p>\n<p><a href=\"http:\/\/legoutdeslivres.canalblog.com\/\" target=\"_blank\">Aifelle<\/a><\/p>\n<p><a href=\"http:\/\/alexmotamots.wordpress.com\/\" target=\"_blank\">Alex mot \u00e0mot<\/a><\/p>\n<p><a href=\"http:\/\/morelliangie.wordpress.com\/\">Ang\u00e9la Morelli<\/a><\/p>\n<p><a title=\"Ici ou ailleurs\" href=\"http:\/\/chez-anjelica.over-blog.com\/\" target=\"_blank\">Anj\u00e9lica<\/a><\/p>\n<p><a href=\"https:\/\/desmotsetdesnotes.wordpress.com\/\" target=\"_blank\">Anne<\/a><\/p>\n<p><a title=\"Le cri du l\u00e9zard\" href=\"http:\/\/lecridulezard.wordpress.com\/\" target=\"_blank\">Blue<\/a><\/p>\n<p><a title=\"Y'a d'la joie\" href=\"http:\/\/ya-dla-joie.over-blog.com\/\" target=\"_blank\">Choupynette<\/a><\/p>\n<p><a title=\"Cryssilda\" href=\"http:\/\/cryssilda.canalblog.com\">Cryssilda<\/a><\/p>\n<p><a title=\"coccinelle\" href=\"http:\/\/laculturesepartage.over-blog.com\/\">La culture se partage &#8211; Coccinelle<\/a><\/p>\n<p><a title=\"Cun\u00e9ipage\" href=\"http:\/\/cuneipage.wordpress.com\/\" target=\"_blank\">Cun\u00e9<\/a><\/p>\n<p><a href=\"http:\/\/desmotsetdesnotes.wordpress.com\/\">Des mots et des notes<\/a><\/p>\n<p><a href=\"http:\/\/litterature-a-blog.blogspot.fr\/\">D&#8217;une berge \u00e0 l&#8217;autre<\/a><\/p>\n<p><a href=\"http:\/\/tu-vas-t-abimer-les-yeux.blogspot.fr\/\" target=\"_blank\">Eva<\/a><\/p>\n<p><a title=\"Le caf\u00e9 de Ga\u00eblle\" href=\"http:\/\/cafedegaelle.blogspot.fr\/\" target=\"_blank\">Gaelle<\/a><\/p>\n<p><a title=\"chez Thom\" href=\"http:\/\/www.legolb.com\/\" target=\"_blank\">Golb<\/a><\/p>\n<p><a title=\"Incoldblog\" href=\"http:\/\/www.incoldblog.fr\/\" target=\"_blank\">Incoldblog<\/a><\/p>\n<p><a href=\"http:\/\/www.leschroniquesculturelles.com\/\" target=\"_blank\">L&#8217;Irr\u00e8guli\u00e8re<\/a><\/p>\n<p><a href=\"https:\/\/actudunoir.wordpress.com\/\" target=\"_blank\">Jean-Marc (l&#8217;actu d noir)<\/a><\/p>\n<p><a title=\"Julie magnolia\" href=\"http:\/\/evasionsjulivresques.wordpress.com\/\" target=\"_blank\">Julie<\/a><\/p>\n<p><a href=\"http:\/\/enlisantenvoyageant.blogspot.fr\/\">Keisha &#8211; En lisant et en voyageant<\/a><\/p>\n<p><a title=\"Le Kikimundo\" href=\"http:\/\/lekikimundo.org\">Chez Kiki<\/a><\/p>\n<p><a title=\"Lou le chat\" href=\"http:\/\/www.libellus-libellus.fr\/\" target=\"_blank\">Lou de Libellus<\/a><\/p>\n<p><a href=\"http:\/\/www.leslecturesdemartine.com\/\" target=\"_blank\">Martine<\/a><\/p>\n<p><a href=\"http:\/\/leslecturesdeleo.blogspot.fr\/\">Me, Darcy and I<\/a><\/p>\n<p><a title=\"St\u00e9phie\" href=\"http:\/\/www.milleetunefrasques.fr\/\" target=\"_blank\">Mille et une frasque<\/a><\/p>\n<p><a title=\"Karine\" href=\"http:\/\/moncoinlecture.com\/\" target=\"_blank\">Mon coin lecture<\/a><\/p>\n<p><a href=\"http:\/\/aliasnoukette.fr\/\">Noukette<\/a><\/p>\n<p><a href=\"http:\/\/www.journal-d-une-lectrice.net\/\">Papillon<\/a><\/p>\n<p><a title=\"papou\" href=\"http:\/\/papoustory.over-blog.com\/\" target=\"_blank\">Papou<\/a><\/p>\n<p><a href=\"http:\/\/chezpurple.blogspot.fr\/\" target=\"_blank\">Purple velvet<\/a><\/p>\n<p><a title=\"Lhisbei\" href=\"http:\/\/rsfblog.canalblog.com\/\" target=\"_blank\">RSF le blog de la sf de Lhisbei<\/a><\/p>\n<p><a href=\"http:\/\/baladeschezsue.blogspot.ca\/\" target=\"_blank\">Suzanne<\/a><\/p>\n<p><a title=\"yspadadden\" href=\"http:\/\/yspaddaden.com\/\" target=\"_blank\">T\u00eate de lecture<\/a><\/p>\n<p><a title=\"guillaume\" href=\"http:\/\/www.traqueur-stellaire.net\/\" target=\"_blank\">Traqueur stellaire<\/a><\/p>\n<p>&nbsp;<\/p>\n","protected":false},"excerpt":{"rendered":"<p>Balade de blog en blog&#8230; Aifelle Alex mot \u00e0mot Ang\u00e9la Morelli Anj\u00e9lica Anne Blue Choupynette Cryssilda La culture se partage &#8211; Coccinelle Cun\u00e9 Des mots et des notes D&#8217;une berge \u00e0 l&#8217;autre Eva Gaelle Golb Incoldblog L&#8217;Irr\u00e8guli\u00e8re Jean-Marc (l&#8217;actu d &hellip; <a href=\"http:\/\/chezyueyin.org\/blog\/mes-liens\/\">Continuer la lecture <span class=\"meta-nav\">&rarr;<\/span><\/a><\/p>\n","protected":false},"author":1,"featured_media":0,"parent":0,"menu_order":0,"comment_status":"closed","ping_status":"closed","template":"","meta":{"_s2mail":"yes","footnotes":""},"class_list":["post-28","page","type-page","status-publish","hentry"],"yoast_head":"<!-- This site is optimized with the Yoast SEO plugin v14.4.1 - https:\/\/yoast.com\/wordpress\/plugins\/seo\/ -->\n<meta name=\"robots\" content=\"index, follow\" \/>\n<meta name=\"googlebot\" content=\"index, follow, max-snippet:-1, max-image-preview:large, max-video-preview:-1\" \/>\n<meta name=\"bingbot\" content=\"index, follow, max-snippet:-1, max-image-preview:large, max-video-preview:-1\" \/>\n<link rel=\"canonical\" href=\"http:\/\/chezyueyin.org\/blog\/mes-liens\/\" \/>\n<meta property=\"og:locale\" content=\"fr_FR\" \/>\n<meta property=\"og:type\" content=\"article\" \/>\n<meta property=\"og:title\" content=\"Mes liens -\" \/>\n<meta property=\"og:description\" content=\"Balade de blog en blog&#8230; Aifelle Alex mot \u00e0mot Ang\u00e9la Morelli Anj\u00e9lica Anne Blue Choupynette Cryssilda La culture se partage &#8211; Coccinelle Cun\u00e9 Des mots et des notes D&#8217;une berge \u00e0 l&#8217;autre Eva Gaelle Golb Incoldblog L&#8217;Irr\u00e8guli\u00e8re Jean-Marc (l&#8217;actu d &hellip; Continuer la lecture &rarr;\" \/>\n<meta property=\"og:url\" content=\"http:\/\/chezyueyin.org\/blog\/mes-liens\/\" \/>\n<meta property=\"article:modified_time\" content=\"2016-01-05T15:19:13+00:00\" \/>\n<script type=\"application\/ld+json\" class=\"yoast-schema-graph\">{\"@context\":\"https:\/\/schema.org\",\"@graph\":[{\"@type\":\"WebSite\",\"@id\":\"http:\/\/chezyueyin.org\/blog\/#website\",\"url\":\"http:\/\/chezyueyin.org\/blog\/\",\"name\":\"\",\"description\":\"\",\"potentialAction\":[{\"@type\":\"SearchAction\",\"target\":\"http:\/\/chezyueyin.org\/blog\/?s={search_term_string}\",\"query-input\":\"required name=search_term_string\"}],\"inLanguage\":\"fr-FR\"},{\"@type\":\"WebPage\",\"@id\":\"http:\/\/chezyueyin.org\/blog\/mes-liens\/#webpage\",\"url\":\"http:\/\/chezyueyin.org\/blog\/mes-liens\/\",\"name\":\"Mes liens -\",\"isPartOf\":{\"@id\":\"http:\/\/chezyueyin.org\/blog\/#website\"},\"datePublished\":\"2014-08-27T05:06:56+00:00\",\"dateModified\":\"2016-01-05T15:19:13+00:00\",\"inLanguage\":\"fr-FR\",\"potentialAction\":[{\"@type\":\"ReadAction\",\"target\":[\"http:\/\/chezyueyin.org\/blog\/mes-liens\/\"]}]}]}<\/script>\n<!-- \/ Yoast SEO plugin. -->","_links":{"self":[{"href":"http:\/\/chezyueyin.org\/blog\/wp-json\/wp\/v2\/pages\/28","targetHints":{"allow":["GET"]}}],"collection":[{"href":"http:\/\/chezyueyin.org\/blog\/wp-json\/wp\/v2\/pages"}],"about":[{"href":"http:\/\/chezyueyin.org\/blog\/wp-json\/wp\/v2\/types\/page"}],"author":[{"embeddable":true,"href":"http:\/\/chezyueyin.org\/blog\/wp-json\/wp\/v2\/users\/1"}],"replies":[{"embeddable":true,"href":"http:\/\/chezyueyin.org\/blog\/wp-json\/wp\/v2\/comments?post=28"}],"version-history":[{"count":11,"href":"http:\/\/chezyueyin.org\/blog\/wp-json\/wp\/v2\/pages\/28\/revisions"}],"predecessor-version":[{"id":6179,"href":"http:\/\/chezyueyin.org\/blog\/wp-json\/wp\/v2\/pages\/28\/revisions\/6179"}],"wp:attachment":[{"href":"http:\/\/chezyueyin.org\/blog\/wp-json\/wp\/v2\/media?parent=28"}],"curies":[{"name":"wp","href":"https:\/\/api.w.org\/{rel}","templated":true}]}}