{"id":50,"date":"2014-08-27T07:44:35","date_gmt":"2014-08-27T06:44:35","guid":{"rendered":"http:\/\/chezyueyin.org\/blog\/?page_id=50"},"modified":"2014-08-27T07:44:35","modified_gmt":"2014-08-27T06:44:35","slug":"index-poesie","status":"publish","type":"page","link":"http:\/\/chezyueyin.org\/blog\/index-poesie\/","title":{"rendered":"index po\u00e9sie"},"content":{"rendered":"<div style=\"text-align: justify; font-family: Verdana;\">Guillaume Apollinaire<\/div>\n<div style=\"text-align: justify; font-family: Verdana;\"><a href=\"http:\/\/chezyueyin.org\/?p=1797\">Clair de lune<\/a><\/div>\n<div style=\"text-align: justify; font-family: Verdana;\"><a href=\"http:\/\/chezyueyin.org\/?p=1798\">Nocturne<\/a><\/div>\n<div style=\"text-align: justify; font-family: Verdana;\"><a href=\"http:\/\/chezyueyin.org\/?p=1796\">Le pont Mirabeau<\/a><\/div>\n<div style=\"text-align: justify; font-family: Verdana;\">Alexandre Astier<\/div>\n<div style=\"text-align: justify; font-family: Verdana;\"><a href=\"http:\/\/chezyueyin.org\/?p=1846\">Licence po\u00e9tique<\/a><\/div>\n<div style=\"text-align: justify; font-family: Verdana;\">WH Auden<\/div>\n<div style=\"text-align: justify; font-family: Verdana;\"><a href=\"http:\/\/chezyueyin.org\/?p=1819\">Funeral blues<\/a><\/div>\n<div style=\"text-align: justify; font-family: Verdana;\"><a href=\"http:\/\/chezyueyin.org\/?p=1816\">a Lullaby<\/a><\/div>\n<div style=\"text-align: justify; font-family: Verdana;\"><a href=\"http:\/\/chezyueyin.org\/?p=1818\" target=\"_blank\">At last the secret is out<\/a><br \/>\n<span style=\"font-family: Verdana;\">Basho<\/span><br style=\"font-family: Verdana;\" \/> <a style=\"font-family: Verdana;\" href=\"http:\/\/chezyueyin.org\/?p=1897\">Haiku zen<\/a><\/div>\n<div style=\"text-align: justify; font-family: Verdana;\">Charles Baudelaire<\/div>\n<div style=\"text-align: justify; font-family: Verdana;\"><a href=\"http:\/\/chezyueyin.org\/?p=1824\">Le vampire<\/a><\/div>\n<div style=\"text-align: justify; font-family: Verdana;\"><a href=\"http:\/\/chezyueyin.org\/?p=1823\">L&#8217;ennemi<\/a><\/div>\n<div style=\"text-align: justify; font-family: Verdana;\"><a href=\"http:\/\/chezyueyin.org\/?p=1822\">Chant d&#8217;automne I<\/a><\/div>\n<div style=\"text-align: justify; font-family: Verdana;\"><a href=\"http:\/\/chezyueyin.org\/?p=1821\">Chant d&#8217;automne II<\/a><\/div>\n<div style=\"text-align: justify; font-family: Verdana;\"><a href=\"http:\/\/chezyueyin.org\/?p=1820\">Harmonie du soir<\/a><\/div>\n<div style=\"text-align: justify; font-family: Verdana;\"><span style=\"font-family: Verdana;\">Buson<br \/>\n<a href=\"http:\/\/chezyueyin.org\/?p=1868\">po\u00e8me d&#8217;\u00e9t\u00e9<\/a><br \/>\nJoachim du Bellay<br \/>\n<a href=\"http:\/\/chezyueyin.org\/?p=1888\" target=\"_blank\">Heureux qui comme Ulysse<\/a><br \/>\nPaul Berg\u00e8se<br \/>\n<a href=\"http:\/\/chezyueyin.org\/?p=1883\">Haiku d&#8217;un jour<\/a><br \/>\nLouise Ang\u00e9lique Bertin :<\/span><br style=\"font-family: Verdana;\" \/> <a style=\"font-family: Verdana;\" href=\"http:\/\/chezyueyin.org\/?p=1908\" target=\"_blank\">La mort et la vie<\/a><br \/>\nAloysius Bertrand<br \/>\n<a href=\"http:\/\/chezyueyin.org\/?p=1876\">Un r\u00eave<\/a><br \/>\nMarc Bonnefoy<br \/>\n<a href=\"http:\/\/chezyueyin.org\/?p=1864\">apr\u00e8s l&#8217;\u00e9cole<\/a><br \/>\nJos\u00e9 Luis Borges<br \/>\n<a href=\"http:\/\/chezyueyin.org\/?p=1900\">Je suis<\/a><br \/>\nMichel Camus<br \/>\n<a href=\"http:\/\/chezyueyin.org\/?p=1906\">Le silence<\/a><br \/>\nFran\u00e7ois Cheng<br \/>\n<a href=\"http:\/\/chezyueyin.org\/?p=1882\">Po\u00e8me (encore et toujours)<\/a><br \/>\n<a href=\"http:\/\/chezyueyin.org\/?p=1881\">Po\u00e8me&#8230;<\/a><br \/>\n<a href=\"http:\/\/chezyueyin.org\/?p=1880\">Po\u00e8me (toujours)<\/a><br \/>\n<a href=\"http:\/\/chezyueyin.org\/?p=1879\">Po\u00e8me (encore)<\/a><br \/>\nChiyoni<br \/>\n<a href=\"http:\/\/chezyueyin.org\/?p=1873\">Po\u00e8mes d&#8217;\u00e9t\u00e9<\/a><br \/>\nFran\u00e7ois Copp\u00e9e<br \/>\n<a href=\"http:\/\/chezyueyin.org\/?p=1913\">D\u00e9cembre<\/a><br \/>\n<a href=\"http:\/\/chezyueyin.org\/?p=1903\">Volupt\u00e9 des parfums ! Oui toute odeur est f\u00e9e<\/a><br \/>\n<a href=\"http:\/\/chezyueyin.org\/?p=1898\" target=\"_blank\">Prisonnier d&#8217;un bureau, je connais le plaisir<\/a><br \/>\n<a href=\"http:\/\/chezyueyin.org\/?p=1889\" target=\"_blank\">Matin d&#8217;octobre<\/a><span style=\"font-family: Verdana; text-decoration: underline;\"><br \/>\n<\/span> <span style=\"font-family: Verdana;\">Dai Wangshu<br \/>\n<\/span><a href=\"http:\/\/chezyueyin.org\/?p=1887\">Tristesse<\/a><span style=\"font-family: Verdana;\"><br \/>\nMarceline Desbordes Valmore<br \/>\n<a href=\"http:\/\/chezyueyin.org\/?p=1848\">Les s\u00e9par\u00e9s<\/a><br \/>\n<a href=\"http:\/\/chezyueyin.org\/?p=1849\">L&#8217;amour<\/a><br \/>\n<a href=\"http:\/\/chezyueyin.org\/?p=1850\">Le grillon<\/a><br \/>\n<a href=\"http:\/\/chezyueyin.org\/?p=1851\">R\u00eave d&#8217;une femme<\/a><br \/>\n<a href=\"http:\/\/chezyueyin.org\/?p=1852\">Soir d&#8217;\u00e9t\u00e9<\/a><br \/>\n<a href=\"http:\/\/chezyueyin.org\/?p=1853\">Un moment<\/a><br \/>\n<\/span><\/div>\n<div style=\"text-align: justify; font-family: Verdana;\"><a href=\"http:\/\/chezyueyin.org\/?p=1833\">La sinc\u00e8re<\/a><\/div>\n<div style=\"text-align: justify; font-family: Verdana;\"><a href=\"http:\/\/chezyueyin.org\/?p=1832\">Le souvenir<\/a><\/div>\n<div style=\"text-align: justify; font-family: Verdana;\"><a href=\"http:\/\/chezyueyin.org\/?p=1831\">Les roses de Saadi<\/a><\/div>\n<div style=\"text-align: justify; font-family: Verdana;\">Robert Desnos<\/div>\n<div style=\"text-align: justify; font-family: Verdana;\"><a href=\"http:\/\/chezyueyin.org\/?p=1792\">Un jour qu&#8217;il faisait nuit<\/a><\/div>\n<div style=\"text-align: justify; font-family: Verdana;\"><a href=\"http:\/\/chezyueyin.org\/?p=1793\">L&#8217;ode \u00e0 Coco<\/a><\/div>\n<div style=\"text-align: justify; font-family: Verdana;\"><a href=\"http:\/\/chezyueyin.org\/?p=1794\">A cinq heure<\/a><\/div>\n<div style=\"text-align: justify; font-family: Verdana;\"><span style=\"font-family: Verdana;\">Raymond Devos<\/span><br style=\"font-family: Verdana;\" \/> <a style=\"font-family: Verdana;\" href=\"http:\/\/chezyueyin.org\/?p=1916\">Les murs<\/a><br style=\"font-family: Verdana;\" \/> <a style=\"font-family: Verdana;\" href=\"http:\/\/chezyueyin.org\/?p=1911\">Caen<\/a><br style=\"font-family: Verdana;\" \/> <a style=\"font-family: Verdana;\" href=\"http:\/\/chezyueyin.org\/?p=1896\">A tort ou \u00e0 raison<\/a><\/div>\n<div style=\"text-align: justify; font-family: Verdana;\">John Drinkwater<\/div>\n<div style=\"text-align: justify; font-family: Verdana;\"><a href=\"http:\/\/chezyueyin.org\/?p=1815\">Snail upon the wall<\/a><\/div>\n<div style=\"text-align: justify; font-family: Verdana;\">Paul Eluard<\/div>\n<div style=\"text-align: justify; font-family: Verdana;\"><a href=\"http:\/\/chezyueyin.org\/?p=1827\">Libert\u00e9<\/a><\/div>\n<div style=\"text-align: justify; font-family: Verdana;\"><a href=\"http:\/\/chezyueyin.org\/?p=1826\">La terre est bleue<\/a><\/div>\n<div style=\"text-align: justify; font-family: Verdana;\"><a href=\"http:\/\/chezyueyin.org\/?p=1825\">La parole<\/a><\/div>\n<div style=\"text-align: justify; font-family: Verdana;\">Bluma Finkelstein<br \/>\n<a href=\"http:\/\/chezyueyin.org\/?p=1870\">Mare Nostrum<\/a><\/p>\n<p>Georges Fourest<br \/>\n<a href=\"http:\/\/chezyueyin.org\/?p=1862\">Le cid<\/a><br \/>\n<a href=\"http:\/\/chezyueyin.org\/?p=1861\">Pseudo sonnet pessimiste et objurgatoire<\/a><br \/>\n<a href=\"http:\/\/chezyueyin.org\/?p=1860\">Un homme<\/a><\/p>\n<p>Th\u00e9ophile Gauthier<br \/>\n<a href=\"http:\/\/chezyueyin.org\/?p=1890\" target=\"_blank\">Chanson d&#8217;automne<\/a><\/p>\n<p>Robert G\u00e9lis<br \/>\n<a href=\"http:\/\/chezyueyin.org\/?p=1867\">Si mon stylo<\/a><\/p>\n<p>Jos\u00e9 maria de H\u00e9r\u00e9dia<br \/>\n<a href=\"http:\/\/chezyueyin.org\/?p=1901\">Les conqu\u00e9rants<\/a><\/p>\n<p>Victor Hugo<br \/>\n<a href=\"http:\/\/chezyueyin.org\/?p=1905\">Conscience<\/a><\/p>\n<p>Issa<br \/>\n<a href=\"http:\/\/chezyueyin.org\/?p=1872\">Po\u00e8mes d&#8217;\u00e9t\u00e9<\/a><br \/>\n<a href=\"http:\/\/chezyueyin.org\/?p=1875\">Po\u00e8mes d&#8217;\u00e9t\u00e9<\/a><br \/>\n<a href=\"http:\/\/chezyueyin.org\/?p=1877\">Po\u00e8mes d&#8217;\u00e9t\u00e9<\/a><\/div>\n<div style=\"text-align: justify; font-family: Verdana;\"><a href=\"http:\/\/chezyueyin.org\/?p=1788\">Un brin de chance<\/a><\/div>\n<div style=\"text-align: justify; font-family: Verdana;\">Georges Jean<br \/>\n<a href=\"http:\/\/chezyueyin.org\/?p=1866\">Le temps des contes<\/a>\n<\/div>\n<div style=\"text-align: justify; font-family: Verdana;\">John Keats<\/div>\n<div style=\"text-align: justify; font-family: Verdana;\"><a href=\"http:\/\/chezyueyin.org\/?p=1795\">Where&#8217;s the poet<\/a><\/div>\n<div style=\"text-align: justify; font-family: Verdana;\">Omar al Khayyam<br \/>\n<a href=\"http:\/\/chezyueyin.org\/?p=1915\">Quatrain<\/a><br \/>\n<a href=\"http:\/\/chezyueyin.org\/?p=1845\" target=\"_blank\">quatrain 555<\/a><\/div>\n<div style=\"text-align: justify; font-family: Verdana;\"><a href=\"http:\/\/chezyueyin.org\/?p=1844\" target=\"_blank\">quatrain 442<\/a><\/div>\n<div style=\"text-align: justify; font-family: Verdana;\"><a href=\"http:\/\/chezyueyin.org\/?p=1843\" target=\"_blank\">quatrain 443<\/a><\/div>\n<div style=\"text-align: justify; font-family: Verdana;\">Louise Labb\u00e9<\/div>\n<div style=\"text-align: justify; font-family: Verdana;\"><a href=\"http:\/\/chezyueyin.org\/?p=1842\">Je vis, je meurs&#8230;<\/a><\/div>\n<div style=\"text-align: justify; font-family: Verdana;\"><a href=\"http:\/\/chezyueyin.org\/?p=1841\">\u00d4 beaux yeux bruns<\/a><\/div>\n<p><a href=\"http:\/\/chezyueyin.org\/?p=1840\">Oh si j&#8217;\u00e9tais&#8230;<\/a><\/p>\n<div style=\"text-align: justify; font-family: Verdana;\"><a href=\"http:\/\/chezyueyin.org\/?p=1839\" target=\"_blank\">Baise m&#8217;encor&#8230;<\/a><\/div>\n<div style=\"text-align: justify; font-family: Verdana;\"><a href=\"http:\/\/chezyueyin.org\/?p=1838\">Las que me sert&#8230;<\/a><\/div>\n<div style=\"text-align: justify; font-family: Verdana;\"><a href=\"http:\/\/chezyueyin.org\/?p=1837\">Quelle grandeur\u00a0 rend l&#8217;homme v\u00e9n\u00e9rable<\/a><\/div>\n<div style=\"text-align: justify; font-family: Verdana;\">Jean-Hughe Malineau<br \/>\n<a href=\"http:\/\/chezyueyin.org\/?p=1884\">O\u00f9 va l&#8217;eau<\/a><\/p>\n<p>Jean Malrieux<br \/>\n<a href=\"http:\/\/chezyueyin.org\/?p=1902\">Grandeur nature<\/a><\/p>\n<p><span style=\"font-family: Verdana;\">Ephra\u00efm Mikael<br \/>\n<a href=\"http:\/\/chezyueyin.org\/?p=1909\">Cr\u00e9puscule pluvieux<\/a><\/span><\/div>\n<div style=\"text-align: justify; font-family: Verdana;\">G\u00e9rard de Nerval<\/div>\n<div style=\"text-align: justify; font-family: Verdana;\"><a href=\"http:\/\/chezyueyin.org\/?p=1783\">Vers dor\u00e9s<\/a><\/div>\n<p>&nbsp;<\/p>\n<div style=\"text-align: justify; font-family: Verdana;\">Une all\u00e9e du Luxembourg<\/div>\n<p><a href=\"http:\/\/chezyueyin.org\/?p=1785\">Fantaisie<\/a><\/p>\n<div style=\"text-align: justify; font-family: Verdana;\"><a href=\"http:\/\/chezyueyin.org\/?p=1786\">El desdichado<\/a><\/div>\n<div style=\"text-align: justify; font-family: Verdana;\"><a href=\"http:\/\/chezyueyin.org\/?p=1787\">Le roi de Thul\u00e9<\/a><\/div>\n<div style=\"text-align: justify; font-family: Verdana;\">Charles d&#8217;Orl\u00e9ans<br \/>\n<a href=\"http:\/\/chezyueyin.org\/?p=1878\">Le printemps<\/a><\/div>\n<div style=\"text-align: justify; font-family: Verdana;\"><a href=\"http:\/\/chezyueyin.org\/?p=1809\">Qui, quoi, comment, \u00e0 qui, pourquoi ?<\/a><\/div>\n<div style=\"text-align: justify; font-family: Verdana;\"><a href=\"http:\/\/chezyueyin.org\/?p=1810\">Le temps a laissi\u00e9 son manteau<\/a><\/div>\n<div style=\"text-align: justify; font-family: Verdana;\"><a href=\"http:\/\/chezyueyin.org\/?p=1811\">Yver vous n&#8217;estes qu&#8217;un villain<\/a><\/div>\n<div style=\"text-align: justify; font-family: Verdana;\"><a href=\"http:\/\/chezyueyin.org\/?p=1812\">J&#8217;ayme qui m&#8217;ayme, autrement non<\/a><\/div>\n<div style=\"text-align: justify; font-family: Verdana;\"><a href=\"http:\/\/chezyueyin.org\/?p=1813\">Plus penser que dire<\/a><\/div>\n<div style=\"text-align: justify; font-family: Verdana;\"><a href=\"http:\/\/chezyueyin.org\/?p=1814\">Rondel par Monseigneur CCXXV<\/a><\/div>\n<div style=\"text-align: justify; font-family: Verdana;\">Jacques Pr\u00e9vert<br \/>\n<a href=\"http:\/\/chezyueyin.org\/?p=1885\">Pour faire le portrait d&#8217;un oiseau<\/a><\/p>\n<p>Jean Richepin<br \/>\n<a href=\"http:\/\/chezyueyin.org\/?p=1912\" target=\"_blank\">Epitaphe pour n&#8217;importe qui<\/a><br \/>\n<a href=\"http:\/\/chezyueyin.org\/?p=1895\">Les oiseaux de passage<\/a><br \/>\n<a href=\"http:\/\/chezyueyin.org\/?p=1847\">D\u00e9claration<\/a><\/p>\n<p>Rainer Maria Rilke<br \/>\n<a style=\"font-family: Verdana;\" href=\"http:\/\/chezyueyin.org\/?p=1914\">Apr\u00e8s une journ\u00e9e de vent<\/a><\/p>\n<p><span style=\"font-family: Verdana;\">Arthur Rimbaud\u00a0:<\/span><br style=\"font-family: Verdana;\" \/> <a style=\"font-family: Verdana;\" href=\"http:\/\/chezyueyin.org\/?p=1907\" target=\"_blank\">Le bateau ivre (extrait)<\/a><br style=\"font-family: Verdana;\" \/> <a href=\"http:\/\/chezyueyin.org\/?p=1891\" target=\"_blank\">Voyelles<\/a><br \/>\n<a href=\"http:\/\/chezyueyin.org\/?p=1857\">L&#8217;\u00e9ternit\u00e9<\/a><br \/>\n<a href=\"http:\/\/chezyueyin.org\/?p=1858\">Mauvais sang<\/a><br \/>\n<a href=\"http:\/\/chezyueyin.org\/?p=1859\">Le buffet<\/a><\/p>\n<p>Pierre de Ronsard<br \/>\n<a href=\"http:\/\/chezyueyin.org\/?p=1863\">Je n&#8217;ai plus que les os<\/a><\/p>\n<p>Ryokan<br \/>\n<a href=\"http:\/\/chezyueyin.org\/?p=1869\">Po\u00e8mes d&#8217;\u00e9t\u00e9<\/a>\n<\/div>\n<div style=\"text-align: justify; font-family: Verdana;\">Sapph\u00f4<\/div>\n<div style=\"text-align: justify; font-family: Verdana;\"><a href=\"http:\/\/chezyueyin.org\/?p=1789\">Confidences<\/a><\/div>\n<div style=\"text-align: justify; font-family: Verdana;\"><a href=\"http:\/\/chezyueyin.org\/?p=1790\">Venez amies<\/a><\/div>\n<div style=\"text-align: justify; font-family: Verdana;\"><a href=\"http:\/\/chezyueyin.org\/?p=1791\">A une aim\u00e9e<\/a><\/div>\n<div style=\"text-align: justify; font-family: Verdana;\">William Shakespeare<\/div>\n<div style=\"text-align: justify; font-family: Verdana;\"><a href=\"http:\/\/chezyueyin.org\/?p=1834\">sonnet n\u00b02<\/a><\/div>\n<div style=\"text-align: justify; font-family: Verdana;\"><a href=\"http:\/\/chezyueyin.org\/?p=1835\">sonnet n\u00b029<\/a><\/div>\n<div style=\"text-align: justify; font-family: Verdana;\"><a href=\"http:\/\/chezyueyin.org\/?p=1836\">sonnet n\u00b0130<\/a><\/div>\n<div style=\"text-align: justify; font-family: Verdana;\"><a href=\"http:\/\/chezyueyin.org\/?p=1803\" target=\"_blank\">souffle, souffle, vent d&#8217;hivers<\/a><\/div>\n<div style=\"text-align: justify; font-family: Verdana;\">Ito Shou<\/div>\n<div style=\"text-align: justify; font-family: Verdana;\"><a href=\"http:\/\/chezyueyin.org\/?p=1802\">Haiku<\/a><\/div>\n<div style=\"text-align: justify; font-family: Verdana;\">Hino Sojo<br \/>\n<a href=\"http:\/\/chezyueyin.org\/?p=1910\">Haiku pour la nouvelle ann\u00e9e<\/a><\/p>\n<p>Yoko Sugawa<br \/>\n<a href=\"http:\/\/chezyueyin.org\/?p=1865\">Bient\u00f4t le 6 juin<\/a><\/div>\n<div style=\"text-align: justify; font-family: Verdana;\"><\/div>\n<div style=\"text-align: justify; font-family: Verdana;\">Jules Supervielle<\/div>\n<div style=\"text-align: justify; font-family: Verdana;\"><a href=\"http:\/\/chezyueyin.org\/?p=1799\">L&#8217;oiseau du tour du monde<\/a><\/div>\n<div style=\"text-align: justify; font-family: Verdana;\"><a href=\"http:\/\/chezyueyin.org\/?p=1800\">L&#8217;orage<\/a><\/div>\n<div style=\"text-align: justify; font-family: Verdana;\"><a href=\"http:\/\/chezyueyin.org\/?p=1801\">Math\u00e9matiques<\/a><\/div>\n<div style=\"text-align: justify; font-family: Verdana;\"><a href=\"http:\/\/chezyueyin.org\/?p=1804\">Descente de g\u00e9ants<\/a><\/div>\n<div style=\"text-align: justify; font-family: Verdana;\"><a href=\"http:\/\/chezyueyin.org\/?p=1805\">L&#8217;all\u00e9e<\/a><\/div>\n<div style=\"text-align: justify; font-family: Verdana;\"><a href=\"http:\/\/chezyueyin.org\/?p=1806\">La pluie et les tyrans<\/a><\/div>\n<div style=\"text-align: justify; font-family: Verdana;\"><a href=\"http:\/\/chezyueyin.org\/?p=1807\">Les figures<\/a><\/div>\n<div style=\"text-align: justify; font-family: Verdana;\"><a href=\"http:\/\/chezyueyin.org\/?p=1808\">Encore frissonant<\/a><\/div>\n<div style=\"text-align: justify; font-family: Verdana;\">Hubert-Felix Thi\u00e9faine<br \/>\n<a href=\"http:\/\/chezyueyin.org\/?p=1904\">Affaire Rimbaud<\/a><br \/>\n<a href=\"http:\/\/chezyueyin.org\/?p=1893\" target=\"_blank\">Exil sur plan\u00e8te fant\u00f4me<\/a><\/p>\n<p>Thou Fou<br \/>\n<a href=\"http:\/\/chezyueyin.org\/?p=1891\" target=\"_blank\">Le temple<\/a><\/p>\n<p>Verlaine<br \/>\n<a href=\"http:\/\/chezyueyin.org\/?p=1899\">Il pleure dans mon coeur<\/a><br \/>\n<a href=\"http:\/\/chezyueyin.org\/?p=1874\">Il faut nous pardonner les choses<\/a><br \/>\n<a href=\"http:\/\/chezyueyin.org\/?p=1854\">Art po\u00e9tique<\/a><br \/>\n<a href=\"http:\/\/chezyueyin.org\/?p=1855\">L&#8217;heure du berger<\/a><br \/>\n<a href=\"http:\/\/chezyueyin.org\/?p=1856\">La bise de rue<\/a><\/p>\n<p>Boris Vian<br \/>\n<a href=\"http:\/\/chezyueyin.org\/?p=1917\">Pr\u00e9cisions sur la vie<\/a><br \/>\n<a href=\"http:\/\/chezyueyin.org\/?p=1871\">Je mourrai d&#8217;un cancer de la colonne vert\u00e9brale<\/a><\/div>\n<div style=\"text-align: justify; font-family: Verdana;\"><a href=\"http:\/\/chezyueyin.org\/?p=1830\">Le temps de vivre<\/a><\/div>\n<div style=\"text-align: justify; font-family: Verdana;\"><a href=\"http:\/\/chezyueyin.org\/?p=1829\">Elle serait l\u00e0 si lourde<\/a><\/div>\n<div style=\"text-align: justify; font-family: Verdana;\"><a href=\"http:\/\/chezyueyin.org\/?p=1828\">Ils cassent le monde<\/a><\/div>\n<div style=\"text-align: justify; font-family: Verdana;\">\nFran\u00e7ois Villon<br \/>\n<a href=\"http:\/\/chezyueyin.org\/?p=1886\">Ballade des proverbes<\/a><\/p>\n<\/div>\n","protected":false},"excerpt":{"rendered":"<p>Guillaume Apollinaire Clair de lune Nocturne Le pont Mirabeau Alexandre Astier Licence po\u00e9tique WH Auden Funeral blues a Lullaby At last the secret is out Basho Haiku zen Charles Baudelaire Le vampire L&#8217;ennemi Chant d&#8217;automne I Chant d&#8217;automne II Harmonie &hellip; <a href=\"http:\/\/chezyueyin.org\/blog\/index-poesie\/\">Continuer la lecture <span class=\"meta-nav\">&rarr;<\/span><\/a><\/p>\n","protected":false},"author":1,"featured_media":0,"parent":0,"menu_order":0,"comment_status":"open","ping_status":"open","template":"","meta":{"_s2mail":"","footnotes":""},"class_list":["post-50","page","type-page","status-publish","hentry"],"yoast_head":"<!-- This site is optimized with the Yoast SEO plugin v14.4.1 - https:\/\/yoast.com\/wordpress\/plugins\/seo\/ -->\n<meta name=\"robots\" content=\"index, follow\" \/>\n<meta name=\"googlebot\" content=\"index, follow, max-snippet:-1, max-image-preview:large, max-video-preview:-1\" \/>\n<meta name=\"bingbot\" content=\"index, follow, max-snippet:-1, max-image-preview:large, max-video-preview:-1\" \/>\n<link rel=\"canonical\" href=\"http:\/\/chezyueyin.org\/blog\/index-poesie\/\" \/>\n<meta property=\"og:locale\" content=\"fr_FR\" \/>\n<meta property=\"og:type\" content=\"article\" \/>\n<meta property=\"og:title\" content=\"index po\u00e9sie -\" \/>\n<meta property=\"og:description\" content=\"Guillaume Apollinaire Clair de lune Nocturne Le pont Mirabeau Alexandre Astier Licence po\u00e9tique WH Auden Funeral blues a Lullaby At last the secret is out Basho Haiku zen Charles Baudelaire Le vampire L&#8217;ennemi Chant d&#8217;automne I Chant d&#8217;automne II Harmonie &hellip; Continuer la lecture &rarr;\" \/>\n<meta property=\"og:url\" content=\"http:\/\/chezyueyin.org\/blog\/index-poesie\/\" \/>\n<script type=\"application\/ld+json\" class=\"yoast-schema-graph\">{\"@context\":\"https:\/\/schema.org\",\"@graph\":[{\"@type\":\"WebSite\",\"@id\":\"http:\/\/chezyueyin.org\/blog\/#website\",\"url\":\"http:\/\/chezyueyin.org\/blog\/\",\"name\":\"\",\"description\":\"\",\"potentialAction\":[{\"@type\":\"SearchAction\",\"target\":\"http:\/\/chezyueyin.org\/blog\/?s={search_term_string}\",\"query-input\":\"required name=search_term_string\"}],\"inLanguage\":\"fr-FR\"},{\"@type\":\"WebPage\",\"@id\":\"http:\/\/chezyueyin.org\/blog\/index-poesie\/#webpage\",\"url\":\"http:\/\/chezyueyin.org\/blog\/index-poesie\/\",\"name\":\"index po\\u00e9sie -\",\"isPartOf\":{\"@id\":\"http:\/\/chezyueyin.org\/blog\/#website\"},\"datePublished\":\"2014-08-27T06:44:35+00:00\",\"dateModified\":\"2014-08-27T06:44:35+00:00\",\"inLanguage\":\"fr-FR\",\"potentialAction\":[{\"@type\":\"ReadAction\",\"target\":[\"http:\/\/chezyueyin.org\/blog\/index-poesie\/\"]}]}]}<\/script>\n<!-- \/ Yoast SEO plugin. -->","_links":{"self":[{"href":"http:\/\/chezyueyin.org\/blog\/wp-json\/wp\/v2\/pages\/50","targetHints":{"allow":["GET"]}}],"collection":[{"href":"http:\/\/chezyueyin.org\/blog\/wp-json\/wp\/v2\/pages"}],"about":[{"href":"http:\/\/chezyueyin.org\/blog\/wp-json\/wp\/v2\/types\/page"}],"author":[{"embeddable":true,"href":"http:\/\/chezyueyin.org\/blog\/wp-json\/wp\/v2\/users\/1"}],"replies":[{"embeddable":true,"href":"http:\/\/chezyueyin.org\/blog\/wp-json\/wp\/v2\/comments?post=50"}],"version-history":[{"count":1,"href":"http:\/\/chezyueyin.org\/blog\/wp-json\/wp\/v2\/pages\/50\/revisions"}],"predecessor-version":[{"id":51,"href":"http:\/\/chezyueyin.org\/blog\/wp-json\/wp\/v2\/pages\/50\/revisions\/51"}],"wp:attachment":[{"href":"http:\/\/chezyueyin.org\/blog\/wp-json\/wp\/v2\/media?parent=50"}],"curies":[{"name":"wp","href":"https:\/\/api.w.org\/{rel}","templated":true}]}}