{"id":7225,"date":"2018-06-01T21:39:44","date_gmt":"2018-06-01T20:39:44","guid":{"rendered":"http:\/\/chezyueyin.org\/blog\/?page_id=7225"},"modified":"2018-06-01T21:39:44","modified_gmt":"2018-06-01T20:39:44","slug":"abonnement","status":"publish","type":"page","link":"http:\/\/chezyueyin.org\/blog\/abonnement\/","title":{"rendered":"Abonnement"},"content":{"rendered":"<p>Si vous voulez \u00eatre pr\u00e9venu des al\u00e9atoires parutions de mes chroniques, vous pouvez vous inscrire \u00e0 ma newsletter en entrant votre adresse email ci-dessous<\/p>\n<p>&nbsp;<\/p>\n<form name=\"s2form\" method=\"post\"><input type=\"hidden\" name=\"ip\" value=\"216.73.216.48\" \/><span style=\"display:none !important\"><label for=\"firstname\">Leave This Blank:<\/label><input type=\"text\" id=\"firstname\" name=\"firstname\" \/><label for=\"lastname\">Leave This Blank Too:<\/label><input type=\"text\" id=\"lastname\" name=\"lastname\" \/><label for=\"uri\">Do Not Change This:<\/label><input type=\"text\" id=\"uri\" name=\"uri\" value=\"http:\/\/\" \/><\/span><p><label for=\"s2email\">Your email:<\/label><br><input type=\"email\" name=\"email\" id=\"s2email\" value=\"Enter email address...\" size=\"20\" onfocus=\"if (this.value === 'Enter email address...') {this.value = '';}\" onblur=\"if (this.value === '') {this.value = 'Enter email address...';}\" \/><\/p><p><input type=\"submit\" name=\"subscribe\" value=\"Subscribe\" \/>&nbsp;<input type=\"submit\" name=\"unsubscribe\" value=\"Unsubscribe\" \/><\/p><\/form>\r\n\n","protected":false},"excerpt":{"rendered":"<p>Si vous voulez \u00eatre pr\u00e9venu des al\u00e9atoires parutions de mes chroniques, vous pouvez vous inscrire \u00e0 ma newsletter en entrant votre adresse email ci-dessous &nbsp;<\/p>\n","protected":false},"author":1,"featured_media":0,"parent":0,"menu_order":0,"comment_status":"closed","ping_status":"closed","template":"","meta":{"_s2mail":"","footnotes":""},"class_list":["post-7225","page","type-page","status-publish","hentry"],"yoast_head":"<!-- This site is optimized with the Yoast SEO plugin v14.4.1 - https:\/\/yoast.com\/wordpress\/plugins\/seo\/ -->\n<meta name=\"robots\" content=\"index, follow\" \/>\n<meta name=\"googlebot\" content=\"index, follow, max-snippet:-1, max-image-preview:large, max-video-preview:-1\" \/>\n<meta name=\"bingbot\" content=\"index, follow, max-snippet:-1, max-image-preview:large, max-video-preview:-1\" \/>\n<link rel=\"canonical\" href=\"http:\/\/chezyueyin.org\/blog\/abonnement\/\" \/>\n<meta property=\"og:locale\" content=\"fr_FR\" \/>\n<meta property=\"og:type\" content=\"article\" \/>\n<meta property=\"og:title\" content=\"Abonnement -\" \/>\n<meta property=\"og:description\" content=\"Si vous voulez \u00eatre pr\u00e9venu des al\u00e9atoires parutions de mes chroniques, vous pouvez vous inscrire \u00e0 ma newsletter en entrant votre adresse email ci-dessous &nbsp;\" \/>\n<meta property=\"og:url\" content=\"http:\/\/chezyueyin.org\/blog\/abonnement\/\" \/>\n<script type=\"application\/ld+json\" class=\"yoast-schema-graph\">{\"@context\":\"https:\/\/schema.org\",\"@graph\":[{\"@type\":\"WebSite\",\"@id\":\"http:\/\/chezyueyin.org\/blog\/#website\",\"url\":\"http:\/\/chezyueyin.org\/blog\/\",\"name\":\"\",\"description\":\"\",\"potentialAction\":[{\"@type\":\"SearchAction\",\"target\":\"http:\/\/chezyueyin.org\/blog\/?s={search_term_string}\",\"query-input\":\"required name=search_term_string\"}],\"inLanguage\":\"fr-FR\"},{\"@type\":\"WebPage\",\"@id\":\"http:\/\/chezyueyin.org\/blog\/abonnement\/#webpage\",\"url\":\"http:\/\/chezyueyin.org\/blog\/abonnement\/\",\"name\":\"Abonnement -\",\"isPartOf\":{\"@id\":\"http:\/\/chezyueyin.org\/blog\/#website\"},\"datePublished\":\"2018-06-01T20:39:44+00:00\",\"dateModified\":\"2018-06-01T20:39:44+00:00\",\"inLanguage\":\"fr-FR\",\"potentialAction\":[{\"@type\":\"ReadAction\",\"target\":[\"http:\/\/chezyueyin.org\/blog\/abonnement\/\"]}]}]}<\/script>\n<!-- \/ Yoast SEO plugin. -->","_links":{"self":[{"href":"http:\/\/chezyueyin.org\/blog\/wp-json\/wp\/v2\/pages\/7225","targetHints":{"allow":["GET"]}}],"collection":[{"href":"http:\/\/chezyueyin.org\/blog\/wp-json\/wp\/v2\/pages"}],"about":[{"href":"http:\/\/chezyueyin.org\/blog\/wp-json\/wp\/v2\/types\/page"}],"author":[{"embeddable":true,"href":"http:\/\/chezyueyin.org\/blog\/wp-json\/wp\/v2\/users\/1"}],"replies":[{"embeddable":true,"href":"http:\/\/chezyueyin.org\/blog\/wp-json\/wp\/v2\/comments?post=7225"}],"version-history":[{"count":1,"href":"http:\/\/chezyueyin.org\/blog\/wp-json\/wp\/v2\/pages\/7225\/revisions"}],"predecessor-version":[{"id":7226,"href":"http:\/\/chezyueyin.org\/blog\/wp-json\/wp\/v2\/pages\/7225\/revisions\/7226"}],"wp:attachment":[{"href":"http:\/\/chezyueyin.org\/blog\/wp-json\/wp\/v2\/media?parent=7225"}],"curies":[{"name":"wp","href":"https:\/\/api.w.org\/{rel}","templated":true}]}}